{"id":5,"date":"2022-06-13T12:18:53","date_gmt":"2022-06-13T10:18:53","guid":{"rendered":"http:\/\/13.38.105.49\/?page_id=5"},"modified":"2026-03-12T19:20:22","modified_gmt":"2026-03-12T17:20:22","slug":"home","status":"publish","type":"page","link":"https:\/\/www.acer-catalunya.org\/es\/","title":{"rendered":"Inicio"},"content":{"rendered":"\n<div class=\"wp-block-cover alignfull is-light has-parallax main-hero\"><span aria-hidden=\"true\" class=\"wp-block-cover__background has-background-dim-40 has-background-dim wp-block-cover__gradient-background has-background-gradient\" style=\"background:linear-gradient(135deg,rgb(123,171,203) 0%,rgb(193,216,236) 50%,rgb(92,153,196) 100%)\"><\/span><div role=\"img\" class=\"wp-block-cover__image-background wp-image-60 has-parallax\" style=\"background-position:50% 50%;background-image:url(https:\/\/www.acer-catalunya.org\/wp-content\/uploads\/2022\/08\/bg-letters.jpg)\"><\/div><div class=\"wp-block-cover__inner-container\">\n<div class=\"is-layout-flex wp-container-4 wp-block-columns main-hero-container\">\n<div class=\"is-layout-flow wp-block-column\" style=\"flex-basis:33.33%\">\n<figure class=\"wp-block-image size-full catalonia\"><img decoding=\"async\" loading=\"lazy\" width=\"542\" height=\"525\" src=\"https:\/\/www.acer-catalunya.org\/wp-content\/uploads\/2022\/08\/catalonia.png\" alt=\"\" class=\"wp-image-61\" srcset=\"https:\/\/www.acer-catalunya.org\/wp-content\/uploads\/2022\/08\/catalonia.png 542w, https:\/\/www.acer-catalunya.org\/wp-content\/uploads\/2022\/08\/catalonia-300x291.png 300w\" sizes=\"(max-width: 542px) 100vw, 542px\" \/><\/figure>\n<\/div>\n\n\n\n<div class=\"is-layout-flow wp-block-column main-hero-content\" style=\"flex-basis:66.66%\">\n<h1>Associaci\u00f3 Catalana d&#8217;Entitats de Recerca<\/h1>\n\n\n\n<p>Consolidando Catalu\u00f1a como referente internacional en investigaci\u00f3n. <\/p>\n\n\n\n<div class=\"is-layout-flex wp-block-buttons\">\n<div class=\"wp-block-button\"><a class=\"wp-block-button__link wp-element-button\" href=\"https:\/\/www.acer-catalunya.org\/centres-associats\/\"><span>Ver los centros<\/span><\/a><\/div>\n<\/div>\n<\/div>\n<\/div>\n<\/div><\/div>\n\n\n\n<div class=\"is-layout-flex wp-container-9 wp-block-columns alignfull banner-stats\">\n<div class=\"is-layout-flow wp-block-column\">\n<div class=\"wp-block-ideabox-counter\"><div class=\"ib-counter-container\" style=\"text-align:center\"><div class=\"ib-counter\" style=\"font-size:40px\"><span class=\"ib-counter-number-prefix\">+<\/span><span class=\"ib-counter-number\" data-from-value=\"0\" data-to-value=\"38\" data-delimiter=\"none\" data-duration=\"2000\">0<\/span><\/div><div class=\"ib-counter-title\">centres de investigaci\u00f3n<\/div><\/div><\/div>\n<\/div>\n\n\n\n<div class=\"is-layout-flow wp-block-column\">\n<div class=\"wp-block-ideabox-counter\"><div class=\"ib-counter-container\" style=\"text-align:center\"><div class=\"ib-counter\" style=\"font-size:40px\"><span class=\"ib-counter-number-prefix\">+<\/span><span class=\"ib-counter-number\" data-from-value=\"0\" data-to-value=\"7800\" data-delimiter=\"none\" data-duration=\"2000\">0<\/span><\/div><div class=\"ib-counter-title\">investigadores<\/div><\/div><\/div>\n<\/div>\n\n\n\n<div class=\"is-layout-flow wp-block-column\">\n<div class=\"wp-block-ideabox-counter\"><div class=\"ib-counter-container\" style=\"text-align:center\"><div class=\"ib-counter\" style=\"font-size:40px\"><span class=\"ib-counter-number-prefix\">+<\/span><span class=\"ib-counter-number\" data-from-value=\"0\" data-to-value=\"25\" data-delimiter=\"none\" data-duration=\"2000\">0<\/span><\/div><div class=\"ib-counter-title\">empresas spin-off<\/div><\/div><\/div>\n<\/div>\n\n\n\n<div class=\"is-layout-flow wp-block-column\">\n<div class=\"wp-block-ideabox-counter\"><div class=\"ib-counter-container\" style=\"text-align:center\"><div class=\"ib-counter\" style=\"font-size:40px\"><span class=\"ib-counter-number-prefix\">+<\/span><span class=\"ib-counter-number\" data-from-value=\"0\" data-to-value=\"550\" data-delimiter=\"none\" data-duration=\"2000\">0<\/span><\/div><div class=\"ib-counter-title\">proyectos europeos<\/div><\/div><\/div>\n<\/div>\n<\/div>\n\n\n\n<div class=\"wp-block-cover alignfull banner-home2\"><span aria-hidden=\"true\" class=\"wp-block-cover__background has-base-background-color has-background-dim-80 has-background-dim\"><\/span><img decoding=\"async\" loading=\"lazy\" width=\"2000\" height=\"1335\" class=\"wp-block-cover__image-background wp-image-153\" alt=\"\" src=\"https:\/\/www.acer-catalunya.org\/wp-content\/uploads\/2022\/09\/banner-home-2.jpg\" data-object-fit=\"cover\" srcset=\"https:\/\/www.acer-catalunya.org\/wp-content\/uploads\/2022\/09\/banner-home-2.jpg 2000w, https:\/\/www.acer-catalunya.org\/wp-content\/uploads\/2022\/09\/banner-home-2-300x200.jpg 300w, https:\/\/www.acer-catalunya.org\/wp-content\/uploads\/2022\/09\/banner-home-2-1024x684.jpg 1024w, https:\/\/www.acer-catalunya.org\/wp-content\/uploads\/2022\/09\/banner-home-2-768x513.jpg 768w, https:\/\/www.acer-catalunya.org\/wp-content\/uploads\/2022\/09\/banner-home-2-1536x1025.jpg 1536w, https:\/\/www.acer-catalunya.org\/wp-content\/uploads\/2022\/09\/banner-home-2-1200x800.jpg 1200w, https:\/\/www.acer-catalunya.org\/wp-content\/uploads\/2022\/09\/banner-home-2-600x400.jpg 600w\" sizes=\"(max-width: 2000px) 100vw, 2000px\" \/><div class=\"wp-block-cover__inner-container\">\n<h1 class=\"has-text-align-center has-contrast-color has-text-color\" style=\"font-style:normal;font-weight:500\">ACER agrupa a instituciones  establecidas en Catalu\u00f1a que tienen como misi\u00f3n principal la investigaci\u00f3n.<\/h1>\n\n\n\n<h4 class=\"has-text-align-center has-contrast-2-color has-text-color\">La vocaci\u00f3n colectiva de las entidades asociadas es la de contribuir a definir las prioridades y pol\u00edticas cient\u00edficas y de investigaci\u00f3n en Catalu\u00f1a, y a optimizar su gesti\u00f3n e implementaci\u00f3n en los \u00e1mbitos que les son propios.<\/h4>\n\n\n\n<div class=\"is-content-justification-center is-layout-flex wp-container-10 wp-block-buttons\">\n<div class=\"wp-block-button\"><a class=\"wp-block-button__link wp-element-button\" href=\"https:\/\/www.acer-catalunya.org\/sobre-lacer\/\">Saber m\u00e1s<\/a><\/div>\n<\/div>\n<\/div><\/div>\n\n\n<div id=\"slick-slider-3\" class=\"gutentastic-slider  style-postslider\"  data-count=\"4\" data-slides-to-show=\"3\" data-autoplay=\"\" data-navigation=\"dots\" data-speed=\"4000\" data-vertical=\"false\" data-alignment=\"\" data-layout=\"style-postslider\" data-slidescroll=\"false\" data-arrows=\"true\" data-fade=\"false\" data-dots=\"true\" data-hasinnerwidth=\"\" style=\"--slider-height:px;    \"><div  class=\" gutentastic-post-slider-one wp-block-gutentastic-post-layouts gutentastic-d-flex gutentastic-flex-wrap navigation-dots left\" data-layout=\"style-postslider\" ><article class=\"post-item  article-style-postslider\" data-title=\"El Dr. Josep Llad\u00f3s, nou president de l\u2019Associaci\u00f3 Catalana d\u2019Entitats de Recerca\" style=\"width:100% !important;\" data-category=\"\" data-thumb=\"https:\/\/www.acer-catalunya.org\/wp-content\/uploads\/2025\/10\/lladosweb-1-300x168.png\"><div class=\"slider-container \" style=\"height:px;;\"><div class=\"post-image\"><img width=\"900\" height=\"505\" src=\"https:\/\/www.acer-catalunya.org\/wp-content\/uploads\/2025\/10\/lladosweb-1.png\" class=\"attachment-large size-large wp-post-image\" alt=\"\" decoding=\"async\" loading=\"lazy\" srcset=\"https:\/\/www.acer-catalunya.org\/wp-content\/uploads\/2025\/10\/lladosweb-1.png 900w, https:\/\/www.acer-catalunya.org\/wp-content\/uploads\/2025\/10\/lladosweb-1-300x168.png 300w, https:\/\/www.acer-catalunya.org\/wp-content\/uploads\/2025\/10\/lladosweb-1-768x431.png 768w\" sizes=\"(max-width: 900px) 100vw, 900px\" \/> <\/div><div class=\"post-content-area left\"><div class=\"gutentastic-slider-inner-post-content inner-post-content left \"><h2 class=\"post-title\"><a href=\"https:\/\/www.acer-catalunya.org\/es\/el-dr-josep-llados-nou-president-de-lassociacio-catalana-dentitats-de-recerca\/\" target=\"_self\" rel=\"bookmark\">El Dr. Josep Llad\u00f3s, nou president de l\u2019Associaci\u00f3 Catalana d\u2019Entitats de Recerca<\/a><\/h2><div class=\"post-meta post-meta-time-author below\">&nbsp;<div class=\"time_meta\"><time datetime=\"2025-10-07T10:43:12+02:00\">7 de octubre de 2025<\/time><\/div><\/div><\/><\/div><\/div><\/article><article class=\"post-item  article-style-postslider\" data-title=\"Xavier Luri, nou director de l\u2019IEEC\" style=\"width:100% !important;\" data-category=\"\" data-thumb=\"https:\/\/www.acer-catalunya.org\/wp-content\/uploads\/2025\/10\/Luri-4-3-per-web-980x735-1-e1759917095423-300x262.webp\"><div class=\"slider-container \" style=\"height:px;;\"><div class=\"post-image\"><img width=\"837\" height=\"732\" src=\"https:\/\/www.acer-catalunya.org\/wp-content\/uploads\/2025\/10\/Luri-4-3-per-web-980x735-1-e1759917095423.webp\" class=\"attachment-large size-large wp-post-image\" alt=\"\" decoding=\"async\" loading=\"lazy\" srcset=\"https:\/\/www.acer-catalunya.org\/wp-content\/uploads\/2025\/10\/Luri-4-3-per-web-980x735-1-e1759917095423.webp 837w, https:\/\/www.acer-catalunya.org\/wp-content\/uploads\/2025\/10\/Luri-4-3-per-web-980x735-1-e1759917095423-300x262.webp 300w, https:\/\/www.acer-catalunya.org\/wp-content\/uploads\/2025\/10\/Luri-4-3-per-web-980x735-1-e1759917095423-768x672.webp 768w\" sizes=\"(max-width: 837px) 100vw, 837px\" \/> <\/div><div class=\"post-content-area left\"><div class=\"gutentastic-slider-inner-post-content inner-post-content left \"><h2 class=\"post-title\"><a href=\"https:\/\/www.acer-catalunya.org\/es\/xavier-luri-nou-director-de-lieec\/\" target=\"_self\" rel=\"bookmark\">Xavier Luri, nou director de l\u2019IEEC<\/a><\/h2><div class=\"post-meta post-meta-time-author below\">&nbsp;<div class=\"time_meta\"><time datetime=\"2025-09-24T11:48:52+02:00\">24 de septiembre de 2025<\/time><\/div><\/div><\/><\/div><\/div><\/article><article class=\"post-item  article-style-postslider\" data-title=\"La doctora Susana Puig, nueva directora del IDIBAPS\" style=\"width:100% !important;\" data-category=\"\" data-thumb=\"https:\/\/www.acer-catalunya.org\/wp-content\/uploads\/2025\/05\/IDIBAPS-SUSANA-PUIG-300x169.webp\"><div class=\"slider-container \" style=\"height:px;;\"><div class=\"post-image\"><img width=\"1024\" height=\"576\" src=\"https:\/\/www.acer-catalunya.org\/wp-content\/uploads\/2025\/05\/IDIBAPS-SUSANA-PUIG-1024x576.webp\" class=\"attachment-large size-large wp-post-image\" alt=\"\" decoding=\"async\" loading=\"lazy\" srcset=\"https:\/\/www.acer-catalunya.org\/wp-content\/uploads\/2025\/05\/IDIBAPS-SUSANA-PUIG-1024x576.webp 1024w, https:\/\/www.acer-catalunya.org\/wp-content\/uploads\/2025\/05\/IDIBAPS-SUSANA-PUIG-300x169.webp 300w, https:\/\/www.acer-catalunya.org\/wp-content\/uploads\/2025\/05\/IDIBAPS-SUSANA-PUIG-768x432.webp 768w, https:\/\/www.acer-catalunya.org\/wp-content\/uploads\/2025\/05\/IDIBAPS-SUSANA-PUIG.webp 1200w\" sizes=\"(max-width: 1024px) 100vw, 1024px\" \/> <\/div><div class=\"post-content-area left\"><div class=\"gutentastic-slider-inner-post-content inner-post-content left \"><h2 class=\"post-title\"><a href=\"https:\/\/www.acer-catalunya.org\/es\/la-doctora-susana-puig-nova-directora-de-lidibaps\/\" target=\"_self\" rel=\"bookmark\">La doctora Susana Puig, nueva directora del IDIBAPS<\/a><\/h2><div class=\"post-meta post-meta-time-author below\">&nbsp;<div class=\"time_meta\"><time datetime=\"2025-05-30T19:08:25+02:00\">30 de mayo de 2025<\/time><\/div><\/div><\/><\/div><\/div><\/article><article class=\"post-item  article-style-postslider\" data-title=\"El Dr. Ari Melnick, nuevo director del Instituto de Investigaci\u00f3n contra la Leucemia Josep Carreras\" style=\"width:100% !important;\" data-category=\"\" data-thumb=\"https:\/\/www.acer-catalunya.org\/wp-content\/uploads\/2025\/04\/Melnick-web-1334-x-1300-px-300x292.png\"><div class=\"slider-container \" style=\"height:px;;\"><div class=\"post-image\"><img width=\"667\" height=\"650\" src=\"https:\/\/www.acer-catalunya.org\/wp-content\/uploads\/2025\/04\/Melnick-web-1334-x-1300-px.png\" class=\"attachment-large size-large wp-post-image\" alt=\"\" decoding=\"async\" loading=\"lazy\" srcset=\"https:\/\/www.acer-catalunya.org\/wp-content\/uploads\/2025\/04\/Melnick-web-1334-x-1300-px.png 667w, https:\/\/www.acer-catalunya.org\/wp-content\/uploads\/2025\/04\/Melnick-web-1334-x-1300-px-300x292.png 300w\" sizes=\"(max-width: 667px) 100vw, 667px\" \/> <\/div><div class=\"post-content-area left\"><div class=\"gutentastic-slider-inner-post-content inner-post-content left \"><h2 class=\"post-title\"><a href=\"https:\/\/www.acer-catalunya.org\/es\/el-dr-ari-melnick-nou-director-de-linstitut-de-recerca-contra-la-leucemia-josep-carreras\/\" target=\"_self\" rel=\"bookmark\">El Dr. Ari Melnick, nuevo director del Instituto de Investigaci\u00f3n contra la Leucemia Josep Carreras<\/a><\/h2><div class=\"post-meta post-meta-time-author below\">&nbsp;<div class=\"time_meta\"><time datetime=\"2025-04-23T10:13:57+02:00\">23 de abril de 2025<\/time><\/div><\/div><\/><\/div><\/div><\/article><\/div><\/div>\n\n\n<ul class=\"wp-block-oacs-slider is-cropped alignfull\" data-autoplay=\"true\" data-speed=\"600\" data-effect=\"fade\" data-arrows=\"false\" data-dots=\"true\" data-adaptiveheight=\"true\" data-pauseonhover=\"true\"><li class=\"blocks-gallery-item\"><figure><img decoding=\"async\" loading=\"lazy\" width=\"1016\" height=\"763\" src=\"https:\/\/www.acer-catalunya.org\/wp-content\/uploads\/2022\/08\/IRTA.jpg\" alt=\"\" data-id=\"139\" data-link=\"https:\/\/www.acer-catalunya.org\/home\/irta\/#main\" class=\"wp-image-139\" srcset=\"https:\/\/www.acer-catalunya.org\/wp-content\/uploads\/2022\/08\/IRTA.jpg 1016w, https:\/\/www.acer-catalunya.org\/wp-content\/uploads\/2022\/08\/IRTA-300x225.jpg 300w, https:\/\/www.acer-catalunya.org\/wp-content\/uploads\/2022\/08\/IRTA-768x577.jpg 768w\" sizes=\"(max-width: 1016px) 100vw, 1016px\" \/><figcaption>IRTA &#8211; Recerca i Tecnologia Agroaliment\u00e0ries \u00a9 2022<\/figcaption><\/figure><\/li><li class=\"blocks-gallery-item\"><figure><img decoding=\"async\" loading=\"lazy\" width=\"1024\" height=\"576\" src=\"https:\/\/www.acer-catalunya.org\/wp-content\/uploads\/2022\/08\/ICIQ-1024x576.jpg\" alt=\"\" data-id=\"137\" data-link=\"https:\/\/www.acer-catalunya.org\/home\/iciq\/#main\" class=\"wp-image-137\" srcset=\"https:\/\/www.acer-catalunya.org\/wp-content\/uploads\/2022\/08\/ICIQ-1024x576.jpg 1024w, https:\/\/www.acer-catalunya.org\/wp-content\/uploads\/2022\/08\/ICIQ-300x169.jpg 300w, https:\/\/www.acer-catalunya.org\/wp-content\/uploads\/2022\/08\/ICIQ-768x432.jpg 768w, https:\/\/www.acer-catalunya.org\/wp-content\/uploads\/2022\/08\/ICIQ-1536x864.jpg 1536w, https:\/\/www.acer-catalunya.org\/wp-content\/uploads\/2022\/08\/ICIQ-2048x1152.jpg 2048w\" sizes=\"(max-width: 1024px) 100vw, 1024px\" \/><figcaption>ICIQ &#8211; Institut Catal\u00e0 d\u2019Investigaci\u00f3 Qu\u00edmica \u00a9 2022<\/figcaption><\/figure><\/li><li class=\"blocks-gallery-item\"><figure><img decoding=\"async\" loading=\"lazy\" width=\"1024\" height=\"526\" src=\"https:\/\/www.acer-catalunya.org\/wp-content\/uploads\/2022\/08\/CTFC-1024x526.jpg\" alt=\"\" data-id=\"136\" data-link=\"https:\/\/www.acer-catalunya.org\/home\/ctfc\/#main\" class=\"wp-image-136\" srcset=\"https:\/\/www.acer-catalunya.org\/wp-content\/uploads\/2022\/08\/CTFC-1024x526.jpg 1024w, https:\/\/www.acer-catalunya.org\/wp-content\/uploads\/2022\/08\/CTFC-300x154.jpg 300w, https:\/\/www.acer-catalunya.org\/wp-content\/uploads\/2022\/08\/CTFC-768x394.jpg 768w, https:\/\/www.acer-catalunya.org\/wp-content\/uploads\/2022\/08\/CTFC-1536x789.jpg 1536w, https:\/\/www.acer-catalunya.org\/wp-content\/uploads\/2022\/08\/CTFC.jpg 2000w\" sizes=\"(max-width: 1024px) 100vw, 1024px\" \/><figcaption>CTFC &#8211; Consorci Centre de Ci\u00e8ncia i Tecnologia Forestal de Catalunya \u00a9 2022<\/figcaption><\/figure><\/li><li class=\"blocks-gallery-item\"><figure><img decoding=\"async\" loading=\"lazy\" width=\"1024\" height=\"683\" src=\"https:\/\/www.acer-catalunya.org\/wp-content\/uploads\/2022\/08\/VHIO-1024x683.jpg\" alt=\"\" data-id=\"135\" data-link=\"https:\/\/www.acer-catalunya.org\/home\/vhio\/#main\" class=\"wp-image-135\" srcset=\"https:\/\/www.acer-catalunya.org\/wp-content\/uploads\/2022\/08\/VHIO-1024x683.jpg 1024w, https:\/\/www.acer-catalunya.org\/wp-content\/uploads\/2022\/08\/VHIO-300x200.jpg 300w, https:\/\/www.acer-catalunya.org\/wp-content\/uploads\/2022\/08\/VHIO-768x512.jpg 768w, https:\/\/www.acer-catalunya.org\/wp-content\/uploads\/2022\/08\/VHIO-1536x1025.jpg 1536w, https:\/\/www.acer-catalunya.org\/wp-content\/uploads\/2022\/08\/VHIO-1200x800.jpg 1200w, https:\/\/www.acer-catalunya.org\/wp-content\/uploads\/2022\/08\/VHIO-600x400.jpg 600w, https:\/\/www.acer-catalunya.org\/wp-content\/uploads\/2022\/08\/VHIO.jpg 2000w\" sizes=\"(max-width: 1024px) 100vw, 1024px\" \/><figcaption>VHIO &#8211; Vall d\u2019Hebron Institut d\u2019Oncologia \u00a9 2022<\/figcaption><\/figure><\/li><li class=\"blocks-gallery-item\"><figure><img decoding=\"async\" loading=\"lazy\" width=\"1024\" height=\"396\" src=\"https:\/\/www.acer-catalunya.org\/wp-content\/uploads\/2022\/08\/IEEC-1024x396.jpg\" alt=\"\" data-id=\"134\" data-link=\"https:\/\/www.acer-catalunya.org\/home\/ieec\/#main\" class=\"wp-image-134\" srcset=\"https:\/\/www.acer-catalunya.org\/wp-content\/uploads\/2022\/08\/IEEC-1024x396.jpg 1024w, https:\/\/www.acer-catalunya.org\/wp-content\/uploads\/2022\/08\/IEEC-300x116.jpg 300w, https:\/\/www.acer-catalunya.org\/wp-content\/uploads\/2022\/08\/IEEC-768x297.jpg 768w, https:\/\/www.acer-catalunya.org\/wp-content\/uploads\/2022\/08\/IEEC-1536x594.jpg 1536w, https:\/\/www.acer-catalunya.org\/wp-content\/uploads\/2022\/08\/IEEC.jpg 2000w\" sizes=\"(max-width: 1024px) 100vw, 1024px\" \/><figcaption>IEEC &#8211; Institut d\u2019Estudis Espacials de Catalunya \u00a9 2022<\/figcaption><\/figure><\/li><li class=\"blocks-gallery-item\"><figure><img decoding=\"async\" loading=\"lazy\" width=\"1024\" height=\"682\" src=\"https:\/\/www.acer-catalunya.org\/wp-content\/uploads\/2022\/08\/IRBLLEIDA-1024x682.jpg\" alt=\"\" data-id=\"133\" data-link=\"https:\/\/www.acer-catalunya.org\/home\/irblleida\/#main\" class=\"wp-image-133\" srcset=\"https:\/\/www.acer-catalunya.org\/wp-content\/uploads\/2022\/08\/IRBLLEIDA-1024x682.jpg 1024w, https:\/\/www.acer-catalunya.org\/wp-content\/uploads\/2022\/08\/IRBLLEIDA-300x200.jpg 300w, https:\/\/www.acer-catalunya.org\/wp-content\/uploads\/2022\/08\/IRBLLEIDA-768x512.jpg 768w, https:\/\/www.acer-catalunya.org\/wp-content\/uploads\/2022\/08\/IRBLLEIDA-1536x1024.jpg 1536w, https:\/\/www.acer-catalunya.org\/wp-content\/uploads\/2022\/08\/IRBLLEIDA-1200x800.jpg 1200w, https:\/\/www.acer-catalunya.org\/wp-content\/uploads\/2022\/08\/IRBLLEIDA-600x400.jpg 600w, https:\/\/www.acer-catalunya.org\/wp-content\/uploads\/2022\/08\/IRBLLEIDA.jpg 2000w\" sizes=\"(max-width: 1024px) 100vw, 1024px\" \/><figcaption>IRB LLEIDA -Institut de Recerca Biom\u00e8dica \u00a9 2022<\/figcaption><\/figure><\/li><li class=\"blocks-gallery-item\"><figure><img decoding=\"async\" loading=\"lazy\" width=\"1024\" height=\"682\" src=\"https:\/\/www.acer-catalunya.org\/wp-content\/uploads\/2022\/08\/BBRC-1024x682.jpg\" alt=\"\" data-id=\"132\" data-link=\"https:\/\/www.acer-catalunya.org\/home\/bbrc\/#main\" class=\"wp-image-132\" srcset=\"https:\/\/www.acer-catalunya.org\/wp-content\/uploads\/2022\/08\/BBRC-1024x682.jpg 1024w, https:\/\/www.acer-catalunya.org\/wp-content\/uploads\/2022\/08\/BBRC-300x200.jpg 300w, https:\/\/www.acer-catalunya.org\/wp-content\/uploads\/2022\/08\/BBRC-768x512.jpg 768w, https:\/\/www.acer-catalunya.org\/wp-content\/uploads\/2022\/08\/BBRC-1536x1024.jpg 1536w, https:\/\/www.acer-catalunya.org\/wp-content\/uploads\/2022\/08\/BBRC-1200x800.jpg 1200w, https:\/\/www.acer-catalunya.org\/wp-content\/uploads\/2022\/08\/BBRC-600x400.jpg 600w, https:\/\/www.acer-catalunya.org\/wp-content\/uploads\/2022\/08\/BBRC.jpg 2000w\" sizes=\"(max-width: 1024px) 100vw, 1024px\" \/><figcaption>BBRC &#8211;  Fundaci\u00f3 BarcelonaBeta Brain Research Center \u00a9 2022<\/figcaption><\/figure><\/li><li class=\"blocks-gallery-item\"><figure><img decoding=\"async\" loading=\"lazy\" width=\"1024\" height=\"683\" src=\"https:\/\/www.acer-catalunya.org\/wp-content\/uploads\/2022\/08\/ICRA-1024x683.jpg\" alt=\"\" data-id=\"131\" data-link=\"https:\/\/www.acer-catalunya.org\/home\/icra\/#main\" class=\"wp-image-131\" srcset=\"https:\/\/www.acer-catalunya.org\/wp-content\/uploads\/2022\/08\/ICRA-1024x683.jpg 1024w, https:\/\/www.acer-catalunya.org\/wp-content\/uploads\/2022\/08\/ICRA-300x200.jpg 300w, https:\/\/www.acer-catalunya.org\/wp-content\/uploads\/2022\/08\/ICRA-768x512.jpg 768w, https:\/\/www.acer-catalunya.org\/wp-content\/uploads\/2022\/08\/ICRA-1536x1025.jpg 1536w, https:\/\/www.acer-catalunya.org\/wp-content\/uploads\/2022\/08\/ICRA-1200x800.jpg 1200w, https:\/\/www.acer-catalunya.org\/wp-content\/uploads\/2022\/08\/ICRA-600x400.jpg 600w, https:\/\/www.acer-catalunya.org\/wp-content\/uploads\/2022\/08\/ICRA.jpg 2000w\" sizes=\"(max-width: 1024px) 100vw, 1024px\" \/><figcaption>ICRA &#8211; Institut Catal\u00e0 de Recerca de l\u2019Aigua \u00a9 2022<\/figcaption><\/figure><\/li><li class=\"blocks-gallery-item\"><figure><img decoding=\"async\" loading=\"lazy\" width=\"1024\" height=\"572\" src=\"https:\/\/www.acer-catalunya.org\/wp-content\/uploads\/2022\/08\/IBEC-1024x572.jpg\" alt=\"\" data-id=\"130\" data-link=\"https:\/\/www.acer-catalunya.org\/home\/ibec\/#main\" class=\"wp-image-130\" srcset=\"https:\/\/www.acer-catalunya.org\/wp-content\/uploads\/2022\/08\/IBEC-1024x572.jpg 1024w, https:\/\/www.acer-catalunya.org\/wp-content\/uploads\/2022\/08\/IBEC-300x168.jpg 300w, https:\/\/www.acer-catalunya.org\/wp-content\/uploads\/2022\/08\/IBEC-768x429.jpg 768w, https:\/\/www.acer-catalunya.org\/wp-content\/uploads\/2022\/08\/IBEC-1536x858.jpg 1536w, https:\/\/www.acer-catalunya.org\/wp-content\/uploads\/2022\/08\/IBEC.jpg 1778w\" sizes=\"(max-width: 1024px) 100vw, 1024px\" \/><figcaption>IBEC &#8211; Institut de Bioenginyeria de Catalunya \u00a9 2022<\/figcaption><\/figure><\/li><li class=\"blocks-gallery-item\"><figure><img decoding=\"async\" loading=\"lazy\" width=\"1024\" height=\"612\" src=\"https:\/\/www.acer-catalunya.org\/wp-content\/uploads\/2022\/08\/ICFO-1024x612.jpg\" alt=\"\" data-id=\"129\" data-link=\"https:\/\/www.acer-catalunya.org\/home\/icfo\/#main\" class=\"wp-image-129\" srcset=\"https:\/\/www.acer-catalunya.org\/wp-content\/uploads\/2022\/08\/ICFO-1024x612.jpg 1024w, https:\/\/www.acer-catalunya.org\/wp-content\/uploads\/2022\/08\/ICFO-300x179.jpg 300w, https:\/\/www.acer-catalunya.org\/wp-content\/uploads\/2022\/08\/ICFO-768x459.jpg 768w, https:\/\/www.acer-catalunya.org\/wp-content\/uploads\/2022\/08\/ICFO-1536x918.jpg 1536w, https:\/\/www.acer-catalunya.org\/wp-content\/uploads\/2022\/08\/ICFO.jpg 1940w\" sizes=\"(max-width: 1024px) 100vw, 1024px\" \/><figcaption>ICFO &#8211; Institut de Ci\u00e8ncies Fot\u00f2niques  \u00a9 2022<\/figcaption><\/figure><\/li><li class=\"blocks-gallery-item\"><figure><img decoding=\"async\" loading=\"lazy\" width=\"1024\" height=\"682\" src=\"https:\/\/www.acer-catalunya.org\/wp-content\/uploads\/2022\/08\/CREI-1024x682.jpg\" alt=\"\" data-id=\"128\" data-link=\"https:\/\/www.acer-catalunya.org\/home\/crei\/#main\" class=\"wp-image-128\" srcset=\"https:\/\/www.acer-catalunya.org\/wp-content\/uploads\/2022\/08\/CREI-1024x682.jpg 1024w, https:\/\/www.acer-catalunya.org\/wp-content\/uploads\/2022\/08\/CREI-300x200.jpg 300w, https:\/\/www.acer-catalunya.org\/wp-content\/uploads\/2022\/08\/CREI-768x512.jpg 768w, https:\/\/www.acer-catalunya.org\/wp-content\/uploads\/2022\/08\/CREI-1536x1023.jpg 1536w, https:\/\/www.acer-catalunya.org\/wp-content\/uploads\/2022\/08\/CREI-1200x800.jpg 1200w, https:\/\/www.acer-catalunya.org\/wp-content\/uploads\/2022\/08\/CREI-600x400.jpg 600w, https:\/\/www.acer-catalunya.org\/wp-content\/uploads\/2022\/08\/CREI.jpg 1900w\" sizes=\"(max-width: 1024px) 100vw, 1024px\" \/><figcaption>CREI &#8211; Centre de Recerca en Economia Internacional  \u00a9 2022<\/figcaption><\/figure><\/li><\/ul>\n","protected":false},"excerpt":{"rendered":"","protected":false},"author":1,"featured_media":0,"parent":0,"menu_order":0,"comment_status":"closed","ping_status":"closed","template":"","meta":[],"AFP_featured_media_urls":{"full":false,"thumbnail":false,"medium":false,"medium_large":false,"large":false},"AFP_attachments":{"full":["https:\/\/www.acer-catalunya.org\/wp-content\/uploads\/2022\/08\/bg-letters.jpg",1265,496,false],"thumbnail":["https:\/\/www.acer-catalunya.org\/wp-content\/uploads\/2022\/08\/bg-letters-150x150.jpg",150,150,true],"medium":["https:\/\/www.acer-catalunya.org\/wp-content\/uploads\/2022\/08\/bg-letters-300x118.jpg",300,118,true],"medium_large":["https:\/\/www.acer-catalunya.org\/wp-content\/uploads\/2022\/08\/bg-letters-768x301.jpg",768,301,true],"large":["https:\/\/www.acer-catalunya.org\/wp-content\/uploads\/2022\/08\/bg-letters-1024x402.jpg",1024,402,true]},"AFP_videos":[],"AFP_video_blocks":"","AFP_category_names":[],"_links":{"self":[{"href":"https:\/\/www.acer-catalunya.org\/es\/wp-json\/wp\/v2\/pages\/5"}],"collection":[{"href":"https:\/\/www.acer-catalunya.org\/es\/wp-json\/wp\/v2\/pages"}],"about":[{"href":"https:\/\/www.acer-catalunya.org\/es\/wp-json\/wp\/v2\/types\/page"}],"author":[{"embeddable":true,"href":"https:\/\/www.acer-catalunya.org\/es\/wp-json\/wp\/v2\/users\/1"}],"replies":[{"embeddable":true,"href":"https:\/\/www.acer-catalunya.org\/es\/wp-json\/wp\/v2\/comments?post=5"}],"version-history":[{"count":76,"href":"https:\/\/www.acer-catalunya.org\/es\/wp-json\/wp\/v2\/pages\/5\/revisions"}],"predecessor-version":[{"id":734,"href":"https:\/\/www.acer-catalunya.org\/es\/wp-json\/wp\/v2\/pages\/5\/revisions\/734"}],"wp:attachment":[{"href":"https:\/\/www.acer-catalunya.org\/es\/wp-json\/wp\/v2\/media?parent=5"}],"curies":[{"name":"wp","href":"https:\/\/api.w.org\/{rel}","templated":true}]}}