{"id":103,"date":"2022-08-24T18:31:37","date_gmt":"2022-08-24T16:31:37","guid":{"rendered":"http:\/\/13.38.105.49\/?page_id=103"},"modified":"2026-02-11T10:03:48","modified_gmt":"2026-02-11T08:03:48","slug":"sobre-lacer","status":"publish","type":"page","link":"https:\/\/www.acer-catalunya.org\/es\/sobre-lacer\/","title":{"rendered":"Sobre la ACER"},"content":{"rendered":"\n<figure class=\"wp-block-image alignfull size-large\"><img decoding=\"async\" loading=\"lazy\" width=\"1024\" height=\"681\" src=\"https:\/\/www.acer-catalunya.org\/wp-content\/uploads\/2022\/06\/pexels-pixabay-256381-1024x681.jpg\" alt=\"\" class=\"wp-image-21\" srcset=\"https:\/\/www.acer-catalunya.org\/wp-content\/uploads\/2022\/06\/pexels-pixabay-256381-1024x681.jpg 1024w, https:\/\/www.acer-catalunya.org\/wp-content\/uploads\/2022\/06\/pexels-pixabay-256381-300x200.jpg 300w, https:\/\/www.acer-catalunya.org\/wp-content\/uploads\/2022\/06\/pexels-pixabay-256381-768x511.jpg 768w, https:\/\/www.acer-catalunya.org\/wp-content\/uploads\/2022\/06\/pexels-pixabay-256381-1536x1022.jpg 1536w, https:\/\/www.acer-catalunya.org\/wp-content\/uploads\/2022\/06\/pexels-pixabay-256381-2048x1363.jpg 2048w\" sizes=\"(max-width: 1024px) 100vw, 1024px\" \/><\/figure>\n\n\n\n<h2>Qui\u00e9nes somos<\/h2>\n\n\n\n<p>La&nbsp;<em>Associaci\u00f3 Catalana d\u2019Entitats de Recerca (ACER)<\/em>&nbsp;es una Asociaci\u00f3n independiente que agrupa a instituciones con personalidad jur\u00eddica propia establecidas en Catalu\u00f1a y que tienen como misi\u00f3n principal la investigaci\u00f3n.<\/p>\n\n\n\n<p>La vocaci\u00f3n colectiva de las entidades asociadas es la de contribuir a definir las prioridades y pol\u00edticas cient\u00edficas y de investigaci\u00f3n en Catalu\u00f1a, y a optimizar su gesti\u00f3n e implementaci\u00f3n en los \u00e1mbitos que les son propios.<\/p>\n\n\n\n<p>El objetivo \u00faltimo de la Asociaci\u00f3n es contribuir a consolidar a Catalu\u00f1a como referente internacional en investigaci\u00f3n cient\u00edfica y tecnol\u00f3gica.<\/p>\n\n\n\n<p>Todos los centros miembros de ACER tienen personalidad jur\u00eddica propia con formas jur\u00eddicas diversas. Su actividad fundamental es I+D. Son organizaciones sin \u00e1nimo de lucro, en la mayor\u00eda de casos con una fuerte y estrecha vinculaci\u00f3n con las Universidades y que cuentan con una participaci\u00f3n significativa de la Generalitat de Catalunya y el apoyo de diferentes agentes p\u00fablicos y privados. Con una clara voluntad de excelencia en todos los campos, el \u00e1mbito de actuaci\u00f3n de los centros que forman parte de ACER engloba todos los campos del conocimiento, incluyendo las ciencias sociales y humanidades, las ciencias de la vida y la salud, las ciencias naturales, las matem\u00e1ticas y las tecnolog\u00edas.<\/p>\n\n\n\n<h2><br><br>Objetivos<\/h2>\n\n\n\n<hr class=\"wp-block-separator has-alpha-channel-opacity\"\/>\n\n\n\n<ul>\n<li>Representar las entidades asociadas y promover sus intereses cerca de las diferentes entidades u organismos nacionales o internacionales relacionados con las actividades propias de sus miembros.<\/li>\n\n\n\n<li>Apoyar a los asociados, fomentar la colaboraci\u00f3n y apoyo mutuo as\u00ed como impulsar la acci\u00f3n coordinada y conjunta, el intercambio de informaci\u00f3n para el logro de sus objetivos. <\/li>\n\n\n\n<li>Impulsar la colaboraci\u00f3n con los diferentes sectores y estamentos p\u00fablicos y privados m\u00e1s directamente relacionados con su actividad.<\/li>\n\n\n\n<li>Promover activamente las sinergias y colaboraciones de la Asociaci\u00f3n con los otros agentes similares del sistema catal\u00e1n, estatal e internacional de investigaci\u00f3n, innovaci\u00f3n, educaci\u00f3n superior, as\u00ed como con los agentes, asociaciones y agrupaciones de inter\u00e9s econ\u00f3mico y empresarial.<\/li>\n\n\n\n<li>Fomentar y participar en el debate y la reflexi\u00f3n sobre todo tipo de tem\u00e1ticas de inter\u00e9s social, econ\u00f3mico pol\u00edtico o de inter\u00e9s nacional.<\/li>\n\n\n\n<li>Contribuir a la mejora de la cultura cient\u00edfica en el seno de la sociedad.<\/li>\n\n\n\n<li>Contribuir a las iniciativas y actividades dirigidas a hacer de Catalu\u00f1a un referente internacional en investigaci\u00f3n, educaci\u00f3n superior e innovaci\u00f3n.<\/li>\n<\/ul>\n\n\n\n<p><\/p>\n\n\n\n<h2><br>Junta directiva<\/h2>\n\n\n\n<hr class=\"wp-block-separator has-alpha-channel-opacity\"\/>\n\n\n\n<figure class=\"is-layout-flex wp-block-gallery-1 wp-block-gallery has-nested-images columns-5 is-cropped junta\">\n<figure class=\"wp-block-image size-large\"><img decoding=\"async\" loading=\"lazy\" width=\"1024\" height=\"273\" data-id=\"706\"  src=\"http:\/\/www.acer-catalunya.org\/wp-content\/uploads\/2026\/02\/Imatge2-1024x273.png\" alt=\"\" class=\"wp-image-706\" srcset=\"https:\/\/www.acer-catalunya.org\/wp-content\/uploads\/2026\/02\/Imatge2-1024x273.png 1024w, https:\/\/www.acer-catalunya.org\/wp-content\/uploads\/2026\/02\/Imatge2-300x80.png 300w, https:\/\/www.acer-catalunya.org\/wp-content\/uploads\/2026\/02\/Imatge2-768x205.png 768w, https:\/\/www.acer-catalunya.org\/wp-content\/uploads\/2026\/02\/Imatge2-1536x410.png 1536w, https:\/\/www.acer-catalunya.org\/wp-content\/uploads\/2026\/02\/Imatge2-2048x546.png 2048w\" sizes=\"(max-width: 1024px) 100vw, 1024px\" \/><\/figure>\n<\/figure>\n","protected":false},"excerpt":{"rendered":"<p>L\u2019Associaci\u00f3 Catalana d\u2019Entitats de Recerca (ACER) \u00e9s una associaci\u00f3 independent que agrupa institucions amb personalitat jur\u00eddica pr\u00f2pia establertes a Catalunya que tenen com a missi\u00f3 principal la realitzaci\u00f3 d\u2019activitats de recerca.<\/p>\n","protected":false},"author":1,"featured_media":0,"parent":0,"menu_order":0,"comment_status":"closed","ping_status":"closed","template":"","meta":[],"AFP_featured_media_urls":{"full":false,"thumbnail":false,"medium":false,"medium_large":false,"large":false},"AFP_attachments":{"full":["https:\/\/www.acer-catalunya.org\/wp-content\/uploads\/2022\/11\/Francesc_Posas.jpg",800,1047,false],"thumbnail":["https:\/\/www.acer-catalunya.org\/wp-content\/uploads\/2022\/11\/Francesc_Posas-150x150.jpg",150,150,true],"medium":["https:\/\/www.acer-catalunya.org\/wp-content\/uploads\/2022\/11\/Francesc_Posas-229x300.jpg",229,300,true],"medium_large":["https:\/\/www.acer-catalunya.org\/wp-content\/uploads\/2022\/11\/Francesc_Posas-768x1005.jpg",768,1005,true],"large":["https:\/\/www.acer-catalunya.org\/wp-content\/uploads\/2022\/11\/Francesc_Posas-782x1024.jpg",782,1024,true]},"AFP_videos":[],"AFP_video_blocks":"","AFP_category_names":[],"_links":{"self":[{"href":"https:\/\/www.acer-catalunya.org\/es\/wp-json\/wp\/v2\/pages\/103"}],"collection":[{"href":"https:\/\/www.acer-catalunya.org\/es\/wp-json\/wp\/v2\/pages"}],"about":[{"href":"https:\/\/www.acer-catalunya.org\/es\/wp-json\/wp\/v2\/types\/page"}],"author":[{"embeddable":true,"href":"https:\/\/www.acer-catalunya.org\/es\/wp-json\/wp\/v2\/users\/1"}],"replies":[{"embeddable":true,"href":"https:\/\/www.acer-catalunya.org\/es\/wp-json\/wp\/v2\/comments?post=103"}],"version-history":[{"count":38,"href":"https:\/\/www.acer-catalunya.org\/es\/wp-json\/wp\/v2\/pages\/103\/revisions"}],"predecessor-version":[{"id":710,"href":"https:\/\/www.acer-catalunya.org\/es\/wp-json\/wp\/v2\/pages\/103\/revisions\/710"}],"wp:attachment":[{"href":"https:\/\/www.acer-catalunya.org\/es\/wp-json\/wp\/v2\/media?parent=103"}],"curies":[{"name":"wp","href":"https:\/\/api.w.org\/{rel}","templated":true}]}}