{"id":29,"date":"2022-06-13T17:19:03","date_gmt":"2022-06-13T15:19:03","guid":{"rendered":"http:\/\/13.38.105.49\/?page_id=29"},"modified":"2022-12-04T20:49:26","modified_gmt":"2022-12-04T18:49:26","slug":"actualitat","status":"publish","type":"page","link":"https:\/\/www.acer-catalunya.org\/en\/actualitat\/","title":{"rendered":"News"},"content":{"rendered":"<div id=\"gutentastic-grid-9\" class=\"wp-block-gutentastic-post-layouts grid_style4   gutentastic-grid\" data-layout=\"grid_style4\" data-columns=\"3\" data-readmore=\"\" style=\"--item-gap : 15px; --item-gap-negative : -15px; --item-margin-bottom : 30px; --item-height: 135px; --image-height:300px; --columns-number:3;\"><div id=\"grid-posts\" class=\"grid-posts grid-column-12\"><article id=\"grid-article-736\" class=\"post-item  grid-column-3 grid_style4 \" data-id=\"736\" data-category=\"18\"><div class=\"post-content-area left\"><a class=\"post-link\" target=\"_self\" href=https:\/\/www.acer-catalunya.org\/en\/el-dr-joan-comella-carnice-director-de-linstitut-de-recerca-sant-joan-de-deu-es-nomenat-academic-numerari-de-la-reial-academia-de-medicina-de-catalunya\/><div class=\"hover-excerpt\"><\/div><\/a><div class=\"post-image\"><img width=\"300\" height=\"200\" src=\"https:\/\/www.acer-catalunya.org\/wp-content\/uploads\/2026\/04\/joancomellaacademic_1774257026_w300.png\" class=\"attachment-large size-large wp-post-image\" alt=\"\" decoding=\"async\" loading=\"lazy\" \/> <\/div><div class=\"inner-post-content\"><div class=\"post-meta post-meta-category below\"><div class=\"post-meta-time-author\"><div class=\"time_meta\"><time datetime=\"2026-03-24T11:17:36+02:00\">Mar 24, 2026<\/time><\/div><\/div><\/div><h2 class=\"post-title\"><a href=\"https:\/\/www.acer-catalunya.org\/en\/el-dr-joan-comella-carnice-director-de-linstitut-de-recerca-sant-joan-de-deu-es-nomenat-academic-numerari-de-la-reial-academia-de-medicina-de-catalunya\/\" target=\"_self\" rel=\"bookmark\">Dr. Joan Comella Carnic\u00e9, director of the Institut de Recerca Sant Joan de D\u00e9u, is appointed Full Member of the Reial Acad\u00e8mia de Medicina de Catalunya<\/a><\/h2><\/div><\/div><\/article><article id=\"grid-article-683\" class=\"post-item  grid-column-3 grid_style4 \" data-id=\"683\" data-category=\"18\"><div class=\"post-content-area left\"><a class=\"post-link\" target=\"_self\" href=https:\/\/www.acer-catalunya.org\/en\/el-dr-josep-llados-nou-president-de-lassociacio-catalana-dentitats-de-recerca\/><div class=\"hover-excerpt\"><\/div><\/a><div class=\"post-image\"><img width=\"900\" height=\"505\" src=\"https:\/\/www.acer-catalunya.org\/wp-content\/uploads\/2025\/10\/lladosweb-1.png\" class=\"attachment-large size-large wp-post-image\" alt=\"\" decoding=\"async\" loading=\"lazy\" srcset=\"https:\/\/www.acer-catalunya.org\/wp-content\/uploads\/2025\/10\/lladosweb-1.png 900w, https:\/\/www.acer-catalunya.org\/wp-content\/uploads\/2025\/10\/lladosweb-1-300x168.png 300w, https:\/\/www.acer-catalunya.org\/wp-content\/uploads\/2025\/10\/lladosweb-1-768x431.png 768w\" sizes=\"(max-width: 900px) 100vw, 900px\" \/> <\/div><div class=\"inner-post-content\"><div class=\"post-meta post-meta-category below\"><div class=\"post-meta-time-author\"><div class=\"time_meta\"><time datetime=\"2025-10-07T10:43:12+02:00\">Oct 7, 2025<\/time><\/div><\/div><\/div><h2 class=\"post-title\"><a href=\"https:\/\/www.acer-catalunya.org\/en\/el-dr-josep-llados-nou-president-de-lassociacio-catalana-dentitats-de-recerca\/\" target=\"_self\" rel=\"bookmark\">Dr Josep Llad\u00f3s, appointed new President of the Catalan Association of Research Centres (ACER)<\/a><\/h2><\/div><\/div><\/article><article id=\"grid-article-698\" class=\"post-item  grid-column-3 grid_style4 \" data-id=\"698\" data-category=\"18\"><div class=\"post-content-area left\"><a class=\"post-link\" target=\"_self\" href=https:\/\/www.acer-catalunya.org\/en\/xavier-luri-nou-director-de-lieec\/><div class=\"hover-excerpt\"><\/div><\/a><div class=\"post-image\"><img width=\"837\" height=\"732\" src=\"https:\/\/www.acer-catalunya.org\/wp-content\/uploads\/2025\/10\/Luri-4-3-per-web-980x735-1-e1759917095423.webp\" class=\"attachment-large size-large wp-post-image\" alt=\"\" decoding=\"async\" loading=\"lazy\" srcset=\"https:\/\/www.acer-catalunya.org\/wp-content\/uploads\/2025\/10\/Luri-4-3-per-web-980x735-1-e1759917095423.webp 837w, https:\/\/www.acer-catalunya.org\/wp-content\/uploads\/2025\/10\/Luri-4-3-per-web-980x735-1-e1759917095423-300x262.webp 300w, https:\/\/www.acer-catalunya.org\/wp-content\/uploads\/2025\/10\/Luri-4-3-per-web-980x735-1-e1759917095423-768x672.webp 768w\" sizes=\"(max-width: 837px) 100vw, 837px\" \/> <\/div><div class=\"inner-post-content\"><div class=\"post-meta post-meta-category below\"><div class=\"post-meta-time-author\"><div class=\"time_meta\"><time datetime=\"2025-09-24T11:48:52+02:00\">Sep 24, 2025<\/time><\/div><\/div><\/div><h2 class=\"post-title\"><a href=\"https:\/\/www.acer-catalunya.org\/en\/xavier-luri-nou-director-de-lieec\/\" target=\"_self\" rel=\"bookmark\">Xavier Luri, nou director de l\u2019IEEC<\/a><\/h2><\/div><\/div><\/article><article id=\"grid-article-627\" class=\"post-item  grid-column-3 grid_style4 \" data-id=\"627\" data-category=\"18\"><div class=\"post-content-area left\"><a class=\"post-link\" target=\"_self\" href=https:\/\/www.acer-catalunya.org\/en\/la-doctora-susana-puig-nova-directora-de-lidibaps\/><div class=\"hover-excerpt\"><\/div><\/a><div class=\"post-image\"><img width=\"1024\" height=\"576\" src=\"https:\/\/www.acer-catalunya.org\/wp-content\/uploads\/2025\/05\/IDIBAPS-SUSANA-PUIG-1024x576.webp\" class=\"attachment-large size-large wp-post-image\" alt=\"\" decoding=\"async\" loading=\"lazy\" srcset=\"https:\/\/www.acer-catalunya.org\/wp-content\/uploads\/2025\/05\/IDIBAPS-SUSANA-PUIG-1024x576.webp 1024w, https:\/\/www.acer-catalunya.org\/wp-content\/uploads\/2025\/05\/IDIBAPS-SUSANA-PUIG-300x169.webp 300w, https:\/\/www.acer-catalunya.org\/wp-content\/uploads\/2025\/05\/IDIBAPS-SUSANA-PUIG-768x432.webp 768w, https:\/\/www.acer-catalunya.org\/wp-content\/uploads\/2025\/05\/IDIBAPS-SUSANA-PUIG.webp 1200w\" sizes=\"(max-width: 1024px) 100vw, 1024px\" \/> <\/div><div class=\"inner-post-content\"><div class=\"post-meta post-meta-category below\"><div class=\"post-meta-time-author\"><div class=\"time_meta\"><time datetime=\"2025-05-30T19:08:25+02:00\">May 30, 2025<\/time><\/div><\/div><\/div><h2 class=\"post-title\"><a href=\"https:\/\/www.acer-catalunya.org\/en\/la-doctora-susana-puig-nova-directora-de-lidibaps\/\" target=\"_self\" rel=\"bookmark\">Dr Susana Puig is the new director of IDIBAPS<\/a><\/h2><\/div><\/div><\/article><div class=\"gutentastic-pagination-loading-container\"><\/div><\/div><\/div>\n\n\n<p><\/p>\n","protected":false},"excerpt":{"rendered":"","protected":false},"author":1,"featured_media":0,"parent":0,"menu_order":0,"comment_status":"closed","ping_status":"closed","template":"","meta":[],"AFP_featured_media_urls":{"full":false,"thumbnail":false,"medium":false,"medium_large":false,"large":false},"AFP_attachments":{"full":["https:\/\/www.acer-catalunya.org\/wp-content\/uploads\/2022\/11\/default.jpg",530,377,false],"thumbnail":["https:\/\/www.acer-catalunya.org\/wp-content\/uploads\/2022\/11\/default-150x150.jpg",150,150,true],"medium":["https:\/\/www.acer-catalunya.org\/wp-content\/uploads\/2022\/11\/default-300x213.jpg",300,213,true],"medium_large":["https:\/\/www.acer-catalunya.org\/wp-content\/uploads\/2022\/11\/default.jpg",530,377,false],"large":["https:\/\/www.acer-catalunya.org\/wp-content\/uploads\/2022\/11\/default.jpg",530,377,false]},"AFP_videos":[],"AFP_video_blocks":"","AFP_category_names":[],"_links":{"self":[{"href":"https:\/\/www.acer-catalunya.org\/en\/wp-json\/wp\/v2\/pages\/29"}],"collection":[{"href":"https:\/\/www.acer-catalunya.org\/en\/wp-json\/wp\/v2\/pages"}],"about":[{"href":"https:\/\/www.acer-catalunya.org\/en\/wp-json\/wp\/v2\/types\/page"}],"author":[{"embeddable":true,"href":"https:\/\/www.acer-catalunya.org\/en\/wp-json\/wp\/v2\/users\/1"}],"replies":[{"embeddable":true,"href":"https:\/\/www.acer-catalunya.org\/en\/wp-json\/wp\/v2\/comments?post=29"}],"version-history":[{"count":15,"href":"https:\/\/www.acer-catalunya.org\/en\/wp-json\/wp\/v2\/pages\/29\/revisions"}],"predecessor-version":[{"id":448,"href":"https:\/\/www.acer-catalunya.org\/en\/wp-json\/wp\/v2\/pages\/29\/revisions\/448"}],"wp:attachment":[{"href":"https:\/\/www.acer-catalunya.org\/en\/wp-json\/wp\/v2\/media?parent=29"}],"curies":[{"name":"wp","href":"https:\/\/api.w.org\/{rel}","templated":true}]}}