{"id":103,"date":"2022-08-24T18:31:37","date_gmt":"2022-08-24T16:31:37","guid":{"rendered":"http:\/\/13.38.105.49\/?page_id=103"},"modified":"2026-02-11T10:03:48","modified_gmt":"2026-02-11T08:03:48","slug":"sobre-lacer","status":"publish","type":"page","link":"https:\/\/www.acer-catalunya.org\/en\/sobre-lacer\/","title":{"rendered":"About ACER"},"content":{"rendered":"\n<figure class=\"wp-block-image alignfull size-large\"><img decoding=\"async\" loading=\"lazy\" width=\"1024\" height=\"681\" src=\"https:\/\/www.acer-catalunya.org\/wp-content\/uploads\/2022\/06\/pexels-pixabay-256381-1024x681.jpg\" alt=\"\" class=\"wp-image-21\" srcset=\"https:\/\/www.acer-catalunya.org\/wp-content\/uploads\/2022\/06\/pexels-pixabay-256381-1024x681.jpg 1024w, https:\/\/www.acer-catalunya.org\/wp-content\/uploads\/2022\/06\/pexels-pixabay-256381-300x200.jpg 300w, https:\/\/www.acer-catalunya.org\/wp-content\/uploads\/2022\/06\/pexels-pixabay-256381-768x511.jpg 768w, https:\/\/www.acer-catalunya.org\/wp-content\/uploads\/2022\/06\/pexels-pixabay-256381-1536x1022.jpg 1536w, https:\/\/www.acer-catalunya.org\/wp-content\/uploads\/2022\/06\/pexels-pixabay-256381-2048x1363.jpg 2048w\" sizes=\"(max-width: 1024px) 100vw, 1024px\" \/><\/figure>\n\n\n\n<h2>The Catalan Association of Research Centres<\/h2>\n\n\n\n<p>The Catalan Association of Research Centres (Associaci\u00f3 Catalana d&#8217;Entitats de Recerca &#8211; ACER) is an independent association of institutions with legal personality located in Catalonia which count research as their principal mission.<\/p>\n\n\n\n<p>The collective vocation of the associated organisations is to contribute to defining the scientific and research priorities and policies in Catalonia, and to optimise their management and implementation in their respective areas. ACER&#8217;s ultimate goal is to contribute to establishing the region as an international benchmark in scientific and technological research.<\/p>\n\n\n\n<p>All the centres that form ACER have their own legal personality and function according to various business models, and their main activity is R+D. They are non-profit organisations, most with strong and close links to universities, significant participation of the Catalan government and the support of other public and private bodies.<\/p>\n\n\n\n<p>Clearly willed towards excellence in all fields, the expertise of the centres belonging to ACER encompasses all fields of knowledge, including social sciences and humanities, life and health sciences, natural sciences, mathematics and technology.<\/p>\n\n\n\n<p>ACER was established on 22 March 2003 as an initiative of the then Department of Universities, Research and Information Society of the Catalan government. The first General Assembly of the Association was held on 11 June 2003, and its official inauguration in the presence of the media took place on 22 September 2003. The association&#8217;s first President was the Hon. Mr. Andreu Mas-Colell. The positions of Vice-president and Secretary went to Mr. Sr. Josep Tarrag\u00f3 i Colomina, Director General of IRTA, and Mr. Llu\u00eds Torner, director of ICFO. In the revision of the statutes approved in June 2009, the position of Vice-president became that of President.<\/p>\n\n\n\n<p>Dr. Josep Samtier is the actual president of ACER. Former presidents were Dr. Josep Tarrag\u00f3 (2003-2009), at these days IRTA&#8217;s director, and Dr. Llu\u00eds Torner (2009-2015) director of ICFO. <\/p>\n\n\n\n<h2><br><br>Objectives<\/h2>\n\n\n\n<hr class=\"wp-block-separator has-alpha-channel-opacity\"\/>\n\n\n\n<ul>\n<li>To represent the associated centres and promote their interests with regards to different national or international organisations related to the activities of their members.<\/li>\n\n\n\n<li>To support the associated centres, encourage collaboration and promote coordinated exchange of information for the achievement of their aims. To promote collaboration with different public and private sectors and organisations related to members&#8217; activities.<\/li>\n\n\n\n<li>To actively promote synergies and collaborations with similar agencies related to Catalan, Spanish and international research, innovation and higher learning, as well as agents, associations and groups of economic and industrial interest.<\/li>\n\n\n\n<li>To encourage and participate in discussions and reflection on various topics of social, economic or political interest, or topics of national interest.<\/li>\n\n\n\n<li>To contribute to the improvement of the scientific culture and understanding in society.<\/li>\n\n\n\n<li>To contribute to initiatives and activities aiming to establish Catalonia as an international benchmark in research, higher learning and innovation.<\/li>\n<\/ul>\n\n\n\n<p><\/p>\n\n\n\n<h2><br>Governing Board<\/h2>\n\n\n\n<hr class=\"wp-block-separator has-alpha-channel-opacity\"\/>\n\n\n\n<figure class=\"is-layout-flex wp-block-gallery-1 wp-block-gallery has-nested-images columns-5 is-cropped junta\">\n<figure class=\"wp-block-image size-large\"><img decoding=\"async\" loading=\"lazy\" width=\"1024\" height=\"273\" data-id=\"706\"  src=\"http:\/\/www.acer-catalunya.org\/wp-content\/uploads\/2026\/02\/Imatge2-1024x273.png\" alt=\"\" class=\"wp-image-706\" srcset=\"https:\/\/www.acer-catalunya.org\/wp-content\/uploads\/2026\/02\/Imatge2-1024x273.png 1024w, https:\/\/www.acer-catalunya.org\/wp-content\/uploads\/2026\/02\/Imatge2-300x80.png 300w, https:\/\/www.acer-catalunya.org\/wp-content\/uploads\/2026\/02\/Imatge2-768x205.png 768w, https:\/\/www.acer-catalunya.org\/wp-content\/uploads\/2026\/02\/Imatge2-1536x410.png 1536w, https:\/\/www.acer-catalunya.org\/wp-content\/uploads\/2026\/02\/Imatge2-2048x546.png 2048w\" sizes=\"(max-width: 1024px) 100vw, 1024px\" \/><\/figure>\n<\/figure>\n\n\n\n<p><\/p>\n","protected":false},"excerpt":{"rendered":"<p>L\u2019Associaci\u00f3 Catalana d\u2019Entitats de Recerca (ACER) \u00e9s una associaci\u00f3 independent que agrupa institucions amb personalitat jur\u00eddica pr\u00f2pia establertes a Catalunya que tenen com a missi\u00f3 principal la realitzaci\u00f3 d\u2019activitats de recerca.<\/p>\n","protected":false},"author":1,"featured_media":0,"parent":0,"menu_order":0,"comment_status":"closed","ping_status":"closed","template":"","meta":[],"AFP_featured_media_urls":{"full":false,"thumbnail":false,"medium":false,"medium_large":false,"large":false},"AFP_attachments":{"full":["https:\/\/www.acer-catalunya.org\/wp-content\/uploads\/2022\/11\/Francesc_Posas.jpg",800,1047,false],"thumbnail":["https:\/\/www.acer-catalunya.org\/wp-content\/uploads\/2022\/11\/Francesc_Posas-150x150.jpg",150,150,true],"medium":["https:\/\/www.acer-catalunya.org\/wp-content\/uploads\/2022\/11\/Francesc_Posas-229x300.jpg",229,300,true],"medium_large":["https:\/\/www.acer-catalunya.org\/wp-content\/uploads\/2022\/11\/Francesc_Posas-768x1005.jpg",768,1005,true],"large":["https:\/\/www.acer-catalunya.org\/wp-content\/uploads\/2022\/11\/Francesc_Posas-782x1024.jpg",782,1024,true]},"AFP_videos":[],"AFP_video_blocks":"","AFP_category_names":[],"_links":{"self":[{"href":"https:\/\/www.acer-catalunya.org\/en\/wp-json\/wp\/v2\/pages\/103"}],"collection":[{"href":"https:\/\/www.acer-catalunya.org\/en\/wp-json\/wp\/v2\/pages"}],"about":[{"href":"https:\/\/www.acer-catalunya.org\/en\/wp-json\/wp\/v2\/types\/page"}],"author":[{"embeddable":true,"href":"https:\/\/www.acer-catalunya.org\/en\/wp-json\/wp\/v2\/users\/1"}],"replies":[{"embeddable":true,"href":"https:\/\/www.acer-catalunya.org\/en\/wp-json\/wp\/v2\/comments?post=103"}],"version-history":[{"count":38,"href":"https:\/\/www.acer-catalunya.org\/en\/wp-json\/wp\/v2\/pages\/103\/revisions"}],"predecessor-version":[{"id":710,"href":"https:\/\/www.acer-catalunya.org\/en\/wp-json\/wp\/v2\/pages\/103\/revisions\/710"}],"wp:attachment":[{"href":"https:\/\/www.acer-catalunya.org\/en\/wp-json\/wp\/v2\/media?parent=103"}],"curies":[{"name":"wp","href":"https:\/\/api.w.org\/{rel}","templated":true}]}}